{"id":124,"date":"2023-02-21T20:56:19","date_gmt":"2023-02-21T20:56:19","guid":{"rendered":"https:\/\/dkempiresn.com\/?page_id=124"},"modified":"2024-01-30T18:19:35","modified_gmt":"2024-01-30T18:19:35","slug":"presentation","status":"publish","type":"page","link":"https:\/\/dkempiresn.com\/index.php\/presentation\/","title":{"rendered":"Pr\u00e9sentation"},"content":{"rendered":"\n<p>DK Empire, entreprise s\u00e9n\u00e9galaise sp\u00e9cialis\u00e9e dans les services informatiques, allie son expertise dans des domaines tels que le design graphique et la conception de sites web \u00e0 une passion prononc\u00e9e pour l&#8217;industrie du jeu vid\u00e9o. Fond\u00e9e par un entrepreneur passionn\u00e9 d&#8217;informatique depuis son enfance, notre entreprise a pour objectif d&#8217;apporter une nouvelle perspective \u00e0 l&#8217;industrie africaine, en mettant l&#8217;accent sur l&#8217;innovation et la qualit\u00e9.<\/p>\n\n\n\n<p>Au fil de notre parcours, DK Empire a d\u00e9velopp\u00e9 une dualit\u00e9 d&#8217;activit\u00e9s, se d\u00e9marquant tant dans les services informatiques que dans la cr\u00e9ation de jeux vid\u00e9o. Notre \u00e9quipe talentueuse a r\u00e9alis\u00e9 des projets diversifi\u00e9s, allant de solutions graphiques et de sites web \u00e0 des jeux vid\u00e9o captivants.<\/p>\n\n\n\n<p>Concernant nos cr\u00e9ations vid\u00e9oludiques, nous avons \u00e9labor\u00e9 trois jeux originaux et passionnants. &#8220;Car Rapide Senegal&#8221;, notre premier jeu, propose une exp\u00e9rience de conduite bas\u00e9e sur le c\u00e9l\u00e8bre moyen de transport s\u00e9n\u00e9galais, le car rapide. Dans &#8220;Senegal Thiayne&#8221;, un jeu de type &#8220;runner&#8221;, le joueur incarne un personnage devant \u00e9chapper au &#8220;grand du quartier&#8221; apr\u00e8s avoir renvers\u00e9 son th\u00e9. Enfin, &#8220;Eco Quiz&#8221; est un jeu \u00e9ducatif mettant en avant l&#8217;importance de l&#8217;environnement et de la durabilit\u00e9.<\/p>\n\n\n\n<p>Chez DK Empire, nous sommes convaincus que la synergie entre nos services informatiques et nos cr\u00e9ations vid\u00e9oludiques contribue \u00e0 une approche globale et innovante. Que vous recherchiez des solutions informatiques sur mesure ou des jeux vid\u00e9o originaux ancr\u00e9s dans la r\u00e9alit\u00e9 africaine, DK Empire est l&#8217;entreprise pr\u00eate \u00e0 relever ces d\u00e9fis avec passion et professionnalisme.<\/p>\n","protected":false},"excerpt":{"rendered":"<p>DK Empire, entreprise s\u00e9n\u00e9galaise sp\u00e9cialis\u00e9e dans les services informatiques, allie son expertise dans des domaines tels que le design graphique et la conception de sites web \u00e0 une passion prononc\u00e9e pour l&#8217;industrie du jeu vid\u00e9o. Fond\u00e9e par un entrepreneur passionn\u00e9 d&#8217;informatique depuis son enfance, notre entreprise a pour objectif d&#8217;apporter une nouvelle perspective \u00e0 l&#8217;industrie africaine, en mettant l&#8217;accent sur l&#8217;innovation et la qualit\u00e9. Au fil de notre parcours, DK Empire a d\u00e9velopp\u00e9 une dualit\u00e9 d&#8217;activit\u00e9s, se d\u00e9marquant tant dans les services informatiques que dans la cr\u00e9ation de jeux vid\u00e9o. Notre \u00e9quipe talentueuse a r\u00e9alis\u00e9 des projets diversifi\u00e9s, allant de solutions graphiques et de sites web \u00e0 des jeux vid\u00e9o captivants. Concernant nos cr\u00e9ations vid\u00e9oludiques, nous avons \u00e9labor\u00e9 trois jeux originaux et passionnants. &#8220;Car Rapide Senegal&#8221;, notre premier jeu, propose une exp\u00e9rience de conduite bas\u00e9e sur le c\u00e9l\u00e8bre moyen de transport s\u00e9n\u00e9galais, le car rapide. Dans &#8220;Senegal Thiayne&#8221;, un jeu&hellip;<\/p>\n<p> <a class=\"more-link\" href=\"https:\/\/dkempiresn.com\/index.php\/presentation\/\">Read more<\/a><\/p>\n","protected":false},"author":1,"featured_media":0,"parent":0,"menu_order":0,"comment_status":"closed","ping_status":"closed","template":"","meta":{"om_disable_all_campaigns":false,"_mi_skip_tracking":false,"_monsterinsights_sitenote_active":false,"_monsterinsights_sitenote_note":"","_monsterinsights_sitenote_category":0,"footnotes":""},"class_list":["post-124","page","type-page","status-publish"],"aioseo_notices":[],"_links":{"self":[{"href":"https:\/\/dkempiresn.com\/index.php\/wp-json\/wp\/v2\/pages\/124","targetHints":{"allow":["GET"]}}],"collection":[{"href":"https:\/\/dkempiresn.com\/index.php\/wp-json\/wp\/v2\/pages"}],"about":[{"href":"https:\/\/dkempiresn.com\/index.php\/wp-json\/wp\/v2\/types\/page"}],"author":[{"embeddable":true,"href":"https:\/\/dkempiresn.com\/index.php\/wp-json\/wp\/v2\/users\/1"}],"replies":[{"embeddable":true,"href":"https:\/\/dkempiresn.com\/index.php\/wp-json\/wp\/v2\/comments?post=124"}],"version-history":[{"count":10,"href":"https:\/\/dkempiresn.com\/index.php\/wp-json\/wp\/v2\/pages\/124\/revisions"}],"predecessor-version":[{"id":450,"href":"https:\/\/dkempiresn.com\/index.php\/wp-json\/wp\/v2\/pages\/124\/revisions\/450"}],"wp:attachment":[{"href":"https:\/\/dkempiresn.com\/index.php\/wp-json\/wp\/v2\/media?parent=124"}],"curies":[{"name":"wp","href":"https:\/\/api.w.org\/{rel}","templated":true}]}}