{"id":150,"date":"2023-02-21T22:03:17","date_gmt":"2023-02-21T22:03:17","guid":{"rendered":"https:\/\/dkempiresn.com\/?page_id=150"},"modified":"2023-02-23T13:06:17","modified_gmt":"2023-02-23T13:06:17","slug":"car-rapide-senegal","status":"publish","type":"page","link":"https:\/\/dkempiresn.com\/index.php\/car-rapide-senegal\/","title":{"rendered":"Car Rapide Senegal"},"content":{"rendered":"\n<p>Car Rapide Senegal, est un jeu de conduite bas\u00e9 sur le c\u00e9l\u00e8bre moyen de transport s\u00e9n\u00e9galais, le car rapide. Les joueurs doivent naviguer \u00e0 travers les rues de Dakar tout en \u00e9vitant les obstacles et en cherchant \u00e0 atteindre leur destination en un temps record.<\/p>\n\n\n\n<p>Elle est t\u00e9l\u00e9chargeable sur Gara Store pour le S\u00e9n\u00e9gal, le Cameroun et la C\u00f4te d&#8217;Ivoire sur  Gara Store  : <a href=\"https:\/\/web.gara.store\/apps\/game\/142\" target=\"_blank\" rel=\"noreferrer noopener\">https:\/\/web.gara.store\/apps\/game\/142<\/a><\/p>\n\n\n\n<p>Pour les autres pays : <a href=\"https:\/\/play.google.com\/store\/apps\/details?id=com.DKEmpire.CarRapideSenegal\" target=\"_blank\" rel=\"noreferrer noopener\">https:\/\/play.google.com\/store\/apps\/details?id=com.DKEmpire.CarRapideSenegal<\/a><\/p>\n\n\n\n<figure class=\"wp-block-embed is-type-video is-provider-youtube wp-block-embed-youtube wp-embed-aspect-16-9 wp-has-aspect-ratio\"><div class=\"wp-block-embed__wrapper\">\n<iframe loading=\"lazy\" title=\"Trailer Car Rapide Senegal  - Gara Store\" width=\"800\" height=\"450\" src=\"https:\/\/www.youtube.com\/embed\/qsyruqn3FvE?feature=oembed\" frameborder=\"0\" allow=\"accelerometer; autoplay; clipboard-write; encrypted-media; gyroscope; picture-in-picture; web-share\" allowfullscreen><\/iframe>\n<\/div><\/figure>\n","protected":false},"excerpt":{"rendered":"<p>Car Rapide Senegal, est un jeu de conduite bas\u00e9 sur le c\u00e9l\u00e8bre moyen de transport s\u00e9n\u00e9galais, le car rapide. Les joueurs doivent naviguer \u00e0 travers les rues de Dakar tout en \u00e9vitant les obstacles et en cherchant \u00e0 atteindre leur destination en un temps record. Elle est t\u00e9l\u00e9chargeable sur Gara Store pour le S\u00e9n\u00e9gal, le Cameroun et la C\u00f4te d&#8217;Ivoire sur Gara Store : https:\/\/web.gara.store\/apps\/game\/142 Pour les autres pays : https:\/\/play.google.com\/store\/apps\/details?id=com.DKEmpire.CarRapideSenegal<\/p>\n","protected":false},"author":1,"featured_media":0,"parent":0,"menu_order":0,"comment_status":"closed","ping_status":"closed","template":"","meta":{"om_disable_all_campaigns":false,"_mi_skip_tracking":false,"_monsterinsights_sitenote_active":false,"_monsterinsights_sitenote_note":"","_monsterinsights_sitenote_category":0,"footnotes":""},"class_list":["post-150","page","type-page","status-publish"],"aioseo_notices":[],"_links":{"self":[{"href":"https:\/\/dkempiresn.com\/index.php\/wp-json\/wp\/v2\/pages\/150","targetHints":{"allow":["GET"]}}],"collection":[{"href":"https:\/\/dkempiresn.com\/index.php\/wp-json\/wp\/v2\/pages"}],"about":[{"href":"https:\/\/dkempiresn.com\/index.php\/wp-json\/wp\/v2\/types\/page"}],"author":[{"embeddable":true,"href":"https:\/\/dkempiresn.com\/index.php\/wp-json\/wp\/v2\/users\/1"}],"replies":[{"embeddable":true,"href":"https:\/\/dkempiresn.com\/index.php\/wp-json\/wp\/v2\/comments?post=150"}],"version-history":[{"count":4,"href":"https:\/\/dkempiresn.com\/index.php\/wp-json\/wp\/v2\/pages\/150\/revisions"}],"predecessor-version":[{"id":379,"href":"https:\/\/dkempiresn.com\/index.php\/wp-json\/wp\/v2\/pages\/150\/revisions\/379"}],"wp:attachment":[{"href":"https:\/\/dkempiresn.com\/index.php\/wp-json\/wp\/v2\/media?parent=150"}],"curies":[{"name":"wp","href":"https:\/\/api.w.org\/{rel}","templated":true}]}}