{"id":152,"date":"2023-02-21T22:03:17","date_gmt":"2023-02-21T22:03:17","guid":{"rendered":"https:\/\/dkempiresn.com\/?page_id=152"},"modified":"2023-02-23T13:06:22","modified_gmt":"2023-02-23T13:06:22","slug":"senegal-thiayne","status":"publish","type":"page","link":"https:\/\/dkempiresn.com\/index.php\/senegal-thiayne\/","title":{"rendered":"Senegal Thiayne"},"content":{"rendered":"\n<p>Senegal Thiayne est un jeu de type \u201crunner\u201d o\u00f9 le joueur incarne un homme qui renverse le th\u00e9 pr\u00e9par\u00e9 par le \u201cgrand du quartier\u201d. Il doit alors s\u2019\u00e9chapper en courant pour \u00e9viter de se faire attraper par ce dernier.<br>Lien pour t\u00e9l\u00e9charger sur Playstore : <\/p>\n\n\n\n<p><a href=\"https:\/\/play.google.com\/store\/apps\/details?id=com.dkempire.senegalthiayne\" target=\"_blank\" rel=\"noreferrer noopener\">https:\/\/play.google.com\/store\/apps\/details?id=com.dkempire.senegalthiayne<\/a><\/p>\n\n\n\n<figure class=\"wp-block-embed is-type-video is-provider-youtube wp-block-embed-youtube wp-embed-aspect-16-9 wp-has-aspect-ratio\"><div class=\"wp-block-embed__wrapper\">\n<iframe loading=\"lazy\" title=\"Senegal Thiayne nouveau jeu vid\u00e9o s\u00e9n\u00e9galais\" width=\"800\" height=\"450\" src=\"https:\/\/www.youtube.com\/embed\/2dfBnXAGNsM?feature=oembed\" frameborder=\"0\" allow=\"accelerometer; autoplay; clipboard-write; encrypted-media; gyroscope; picture-in-picture; web-share\" allowfullscreen><\/iframe>\n<\/div><\/figure>\n","protected":false},"excerpt":{"rendered":"<p>Senegal Thiayne est un jeu de type \u201crunner\u201d o\u00f9 le joueur incarne un homme qui renverse le th\u00e9 pr\u00e9par\u00e9 par le \u201cgrand du quartier\u201d. Il doit alors s\u2019\u00e9chapper en courant pour \u00e9viter de se faire attraper par ce dernier.Lien pour t\u00e9l\u00e9charger sur Playstore : https:\/\/play.google.com\/store\/apps\/details?id=com.dkempire.senegalthiayne<\/p>\n","protected":false},"author":1,"featured_media":0,"parent":0,"menu_order":0,"comment_status":"closed","ping_status":"closed","template":"","meta":{"om_disable_all_campaigns":false,"_mi_skip_tracking":false,"_monsterinsights_sitenote_active":false,"_monsterinsights_sitenote_note":"","_monsterinsights_sitenote_category":0,"footnotes":""},"class_list":["post-152","page","type-page","status-publish"],"aioseo_notices":[],"_links":{"self":[{"href":"https:\/\/dkempiresn.com\/index.php\/wp-json\/wp\/v2\/pages\/152","targetHints":{"allow":["GET"]}}],"collection":[{"href":"https:\/\/dkempiresn.com\/index.php\/wp-json\/wp\/v2\/pages"}],"about":[{"href":"https:\/\/dkempiresn.com\/index.php\/wp-json\/wp\/v2\/types\/page"}],"author":[{"embeddable":true,"href":"https:\/\/dkempiresn.com\/index.php\/wp-json\/wp\/v2\/users\/1"}],"replies":[{"embeddable":true,"href":"https:\/\/dkempiresn.com\/index.php\/wp-json\/wp\/v2\/comments?post=152"}],"version-history":[{"count":9,"href":"https:\/\/dkempiresn.com\/index.php\/wp-json\/wp\/v2\/pages\/152\/revisions"}],"predecessor-version":[{"id":380,"href":"https:\/\/dkempiresn.com\/index.php\/wp-json\/wp\/v2\/pages\/152\/revisions\/380"}],"wp:attachment":[{"href":"https:\/\/dkempiresn.com\/index.php\/wp-json\/wp\/v2\/media?parent=152"}],"curies":[{"name":"wp","href":"https:\/\/api.w.org\/{rel}","templated":true}]}}